{"id":6,"date":"2019-03-04T14:21:05","date_gmt":"2019-03-04T13:21:05","guid":{"rendered":"https:\/\/chauffeur-vtc-nice.fr\/?page_id=6"},"modified":"2026-01-16T10:53:10","modified_gmt":"2026-01-16T09:53:10","slug":"note-legali","status":"publish","type":"page","link":"https:\/\/chauffeur-vtc-nice.fr\/it\/mentions-legales\/","title":{"rendered":"Avvisi legali"},"content":{"rendered":"<div data-elementor-type=\"wp-post\" data-elementor-id=\"6\" class=\"elementor elementor-6\" data-elementor-post-type=\"page\">\n\t\t\t\t\t\t<section class=\"elementor-section elementor-top-section elementor-element elementor-element-67e8ba5f elementor-section-boxed elementor-section-height-default elementor-section-height-default\" data-id=\"67e8ba5f\" data-element_type=\"section\" data-e-type=\"section\" data-settings=\"{&quot;background_background&quot;:&quot;classic&quot;}\">\n\t\t\t\t\t\t<div class=\"elementor-container elementor-column-gap-default\">\n\t\t\t\t\t<div class=\"elementor-column elementor-col-100 elementor-top-column elementor-element elementor-element-5ec537e\" data-id=\"5ec537e\" data-element_type=\"column\" data-e-type=\"column\">\n\t\t\t<div class=\"elementor-widget-wrap elementor-element-populated\">\n\t\t\t\t\t\t<div class=\"elementor-element elementor-element-291a2eff elementor-widget elementor-widget-text-editor\" data-id=\"291a2eff\" data-element_type=\"widget\" data-e-type=\"widget\" data-widget_type=\"text-editor.default\">\n\t\t\t\t<div class=\"elementor-widget-container\">\n\t\t\t\t\t\t\t\t\t<p><b>Il sito web chauffeur-vtc-nice.fr \u00e8 pubblicato da:<\/b><\/p><p>WebAudit Francia<br \/>6 avenue Jean Jaur\u00e8s, 73000 Chamb\u00e9ry<br \/>Societ\u00e0 a responsabilit\u00e0 limitata con capitale sociale di 600 euro<br \/>RCS Chamb\u00e9ry 823 628 698<br \/>contact(@)webaudit.fr<\/p><p><b>Il sito web chauffeur-vtc-nice.fr \u00e8 pubblicato per:<\/b><\/p><p>Nome dell&#039;azienda: DELASSALE MATHIEU<br \/>Nome dell&#039;attivit\u00e0: Mathieu VTC Nice<br \/>Indirizzo: 24 AVENUE DES SOURCES 06270 VILLENEUVE-LOUBET<br \/>SIRET: 50088788000028<br \/>Partita IVA: FR83500887880<br \/>Data di creazione: 07\/12\/2023<br \/>Capitale sociale: \u20ac0<br \/>Direttore editoriale: DELASSALE MATHIEU<br \/>Telefono: 06 74 92 76 90<\/p><p>Il sito web del tuo servizio di autonoleggio con conducente a Nizza \u00e8 stato creato dal team di Webaudit France, specialisti nella realizzazione di siti web. <a href=\"https:\/\/www.webaudit.fr\/vtc\">sito web per autisti di servizi di trasporto a chiamata<\/a> con riferimenti naturali.<\/p><p>Scopri di pi\u00f9 su\u00a0<a href=\"https:\/\/annuaire-vtc-france.fr\/\">annuaire-vtc-france.fr<\/a>\u00a0tutto\u00a0<a href=\"https:\/\/annuaire-vtc-france.fr\/vtc-06-alpes-maritimes\/\">Autisti privati con conducente nella regione delle Alpi Marittime.<\/a><\/p><p><strong>Fornitore di hosting:<\/strong><\/p><p>Infomaniak Network SA<br \/>25 Rue Eug\u00e8ne Marziano<br \/>1227 Les Acacias (GE)<br \/>Registro delle Imprese del Cantone di Ginevra: CH-660.0.059.996-1<br \/>Numero IDE: CHE-103.167.648<br \/>Partita IVA: CHE-103.167.648<\/p><p><b>Regolamento GDPR, protezione dei dati e utilizzo dei cookie:<\/b><\/p><p>In conformit\u00e0 con i requisiti del Regolamento generale sulla protezione dei dati (GDPR), ci impegniamo per la trasparenza e la protezione dei vostri dati personali. Per una chiara comprensione di come raccogliamo, utilizziamo e proteggiamo i vostri dati, nonch\u00e9 del nostro utilizzo dei cookie per migliorare la vostra esperienza sul nostro sito web, vi preghiamo di consultare la nostra <a href=\"#gdpr_cookie_modal\"><u>Centro informazioni GDPR e cookie<\/u><\/a>.<\/p><p>Cliccando su questo link, potrai accedere alla nostra Informativa sulla privacy e alla nostra Politica sui cookie, che descrivono in dettaglio le nostre pratiche in materia di protezione dei dati e utilizzo dei cookie, nonch\u00e9 i tuoi diritti e le tue opzioni in merito a queste informazioni.<\/p><p><strong>Propriet\u00e0 intellettuale<\/strong><\/p><p>Tutti i contenuti di questo sito, inclusi, a titolo esemplificativo ma non esaustivo, grafica, immagini, testi, video, animazioni, suoni, loghi, GIF e icone, nonch\u00e9 la loro formattazione, sono di propriet\u00e0 esclusiva di WEBAUDIT FRANCE SARL, ad eccezione di marchi, loghi o contenuti appartenenti ad altre societ\u00e0 partner o autori.<br \/>Qualsiasi riproduzione, distribuzione, modifica, adattamento, ritrasmissione o pubblicazione, anche parziale, di questi elementi \u00e8 severamente vietata senza l&#039;espresso consenso scritto di WEBAUDIT FRANCE SARL. Tale rappresentazione o riproduzione, con qualsiasi mezzo, costituisce violazione del diritto d&#039;autore punibile ai sensi degli articoli L.335-2 e seguenti del Codice della Propriet\u00e0 Intellettuale francese. Il mancato rispetto di tale divieto costituisce violazione del diritto d&#039;autore e pu\u00f2 comportare sanzioni civili e penali. Inoltre, i titolari dei contenuti copiati possono intraprendere azioni legali nei loro confronti.<\/p>\t\t\t\t\t\t\t\t<\/div>\n\t\t\t\t<\/div>\n\t\t\t\t\t<\/div>\n\t\t<\/div>\n\t\t\t\t\t<\/div>\n\t\t<\/section>\n\t\t\t\t<\/div>","protected":false},"excerpt":{"rendered":"<p>Le site de chauffeur-vtc-nice.fr est \u00e9dit\u00e9 par : WebAudit France6 avenue Jean Jaur\u00e8s, 73000 Chamb\u00e9rySARL au capital de 600\u20acRCS Chamb\u00e9ry 823 628 698contact(@)webaudit.fr Le site de chauffeur-vtc-nice.fr est \u00e9dit\u00e9 pour : Raison sociale\u202f: DELASSALE MATHIEUNom commercial\u202f: Mathieu VTC NiceAdresse\u202f: 24 AVENUE DES SOURCES 06270 VILLENEUVE-LOUBETSIRET\u202f: 50088788000028Num\u00e9ro de TVA\u202f: FR83500887880Date de cr\u00e9ation\u202f: 07\/12\/2023Capital social\u202f: 0\u20acDirecteur de [&hellip;]<\/p>\n","protected":false},"author":2,"featured_media":0,"parent":0,"menu_order":0,"comment_status":"closed","ping_status":"closed","template":"elementor_header_footer","meta":{"footnotes":""},"class_list":["post-6","page","type-page","status-publish","hentry"],"yoast_head":"<!-- This site is optimized with the Yoast SEO plugin v27.2 - https:\/\/yoast.com\/product\/yoast-seo-wordpress\/ -->\n<title>Mentions L\u00e9gales - Mathieu VTC Nice<\/title>\n<meta name=\"robots\" content=\"index, follow, max-snippet:-1, max-image-preview:large, max-video-preview:-1\" \/>\n<link rel=\"canonical\" href=\"https:\/\/chauffeur-vtc-nice.fr\/it\/note-legali\/\" \/>\n<meta name=\"twitter:label1\" content=\"Tempo di lettura stimato\" \/>\n\t<meta name=\"twitter:data1\" content=\"3 minuti\" \/>\n<script type=\"application\/ld+json\" class=\"yoast-schema-graph\">{\"@context\":\"https:\/\/schema.org\",\"@graph\":[{\"@type\":\"WebPage\",\"@id\":\"https:\/\/chauffeur-vtc-nice.fr\/mentions-legales\/\",\"url\":\"https:\/\/chauffeur-vtc-nice.fr\/mentions-legales\/\",\"name\":\"Mentions L\u00e9gales - Mathieu VTC Nice\",\"isPartOf\":{\"@id\":\"https:\/\/chauffeur-vtc-nice.fr\/#website\"},\"datePublished\":\"2019-03-04T13:21:05+00:00\",\"dateModified\":\"2026-01-16T09:53:10+00:00\",\"breadcrumb\":{\"@id\":\"https:\/\/chauffeur-vtc-nice.fr\/mentions-legales\/#breadcrumb\"},\"inLanguage\":\"it-IT\",\"potentialAction\":[{\"@type\":\"ReadAction\",\"target\":[\"https:\/\/chauffeur-vtc-nice.fr\/mentions-legales\/\"]}]},{\"@type\":\"BreadcrumbList\",\"@id\":\"https:\/\/chauffeur-vtc-nice.fr\/mentions-legales\/#breadcrumb\",\"itemListElement\":[{\"@type\":\"ListItem\",\"position\":1,\"name\":\"Accueil\",\"item\":\"https:\/\/chauffeur-vtc-nice.fr\/\"},{\"@type\":\"ListItem\",\"position\":2,\"name\":\"Mentions L\u00e9gales\"}]},{\"@type\":\"WebSite\",\"@id\":\"https:\/\/chauffeur-vtc-nice.fr\/#website\",\"url\":\"https:\/\/chauffeur-vtc-nice.fr\/\",\"name\":\"Mathieu VTC Nice\",\"description\":\"R\u00e9server un VTC de 1 \u00e0 7 passagers \u00e0 Nice et sur la C\u00f4te d&#039;Azur pour des d\u00e9placements toutes distances dans les Alpes Maritimes et ailleurs\",\"publisher\":{\"@id\":\"https:\/\/chauffeur-vtc-nice.fr\/#organization\"},\"potentialAction\":[{\"@type\":\"SearchAction\",\"target\":{\"@type\":\"EntryPoint\",\"urlTemplate\":\"https:\/\/chauffeur-vtc-nice.fr\/?s={search_term_string}\"},\"query-input\":{\"@type\":\"PropertyValueSpecification\",\"valueRequired\":true,\"valueName\":\"search_term_string\"}}],\"inLanguage\":\"it-IT\"},{\"@type\":\"Organization\",\"@id\":\"https:\/\/chauffeur-vtc-nice.fr\/#organization\",\"name\":\"Mathieu VTC Nice\",\"url\":\"https:\/\/chauffeur-vtc-nice.fr\/\",\"logo\":{\"@type\":\"ImageObject\",\"inLanguage\":\"it-IT\",\"@id\":\"https:\/\/chauffeur-vtc-nice.fr\/#\/schema\/logo\/image\/\",\"url\":\"https:\/\/chauffeur-vtc-nice.fr\/wp-content\/uploads\/2026\/01\/logo-mathieu-vtc-nice-fond-noir.webp\",\"contentUrl\":\"https:\/\/chauffeur-vtc-nice.fr\/wp-content\/uploads\/2026\/01\/logo-mathieu-vtc-nice-fond-noir.webp\",\"width\":613,\"height\":100,\"caption\":\"Mathieu VTC Nice\"},\"image\":{\"@id\":\"https:\/\/chauffeur-vtc-nice.fr\/#\/schema\/logo\/image\/\"}}]}<\/script>\n<!-- \/ Yoast SEO plugin. -->","yoast_head_json":{"title":"Avviso legale - Mathieu VTC Nizza","robots":{"index":"index","follow":"follow","max-snippet":"max-snippet:-1","max-image-preview":"max-image-preview:large","max-video-preview":"max-video-preview:-1"},"canonical":"https:\/\/chauffeur-vtc-nice.fr\/it\/note-legali\/","twitter_misc":{"Tempo di lettura stimato":"3 minuti"},"schema":{"@context":"https:\/\/schema.org","@graph":[{"@type":"WebPage","@id":"https:\/\/chauffeur-vtc-nice.fr\/mentions-legales\/","url":"https:\/\/chauffeur-vtc-nice.fr\/mentions-legales\/","name":"Avviso legale - Mathieu VTC Nizza","isPartOf":{"@id":"https:\/\/chauffeur-vtc-nice.fr\/#website"},"datePublished":"2019-03-04T13:21:05+00:00","dateModified":"2026-01-16T09:53:10+00:00","breadcrumb":{"@id":"https:\/\/chauffeur-vtc-nice.fr\/mentions-legales\/#breadcrumb"},"inLanguage":"it-IT","potentialAction":[{"@type":"ReadAction","target":["https:\/\/chauffeur-vtc-nice.fr\/mentions-legales\/"]}]},{"@type":"BreadcrumbList","@id":"https:\/\/chauffeur-vtc-nice.fr\/mentions-legales\/#breadcrumb","itemListElement":[{"@type":"ListItem","position":1,"name":"Accueil","item":"https:\/\/chauffeur-vtc-nice.fr\/"},{"@type":"ListItem","position":2,"name":"Mentions L\u00e9gales"}]},{"@type":"WebSite","@id":"https:\/\/chauffeur-vtc-nice.fr\/#website","url":"https:\/\/chauffeur-vtc-nice.fr\/","name":"Mathieu NCC Nizza Costa Azzurra","description":"Prenota un servizio di auto privata per 1-7 passeggeri a Nizza e sulla Costa Azzurra per viaggi di qualsiasi distanza nelle Alpi Marittime e oltre.","publisher":{"@id":"https:\/\/chauffeur-vtc-nice.fr\/#organization"},"potentialAction":[{"@type":"SearchAction","target":{"@type":"EntryPoint","urlTemplate":"https:\/\/chauffeur-vtc-nice.fr\/?s={search_term_string}"},"query-input":{"@type":"PropertyValueSpecification","valueRequired":true,"valueName":"search_term_string"}}],"inLanguage":"it-IT"},{"@type":"Organization","@id":"https:\/\/chauffeur-vtc-nice.fr\/#organization","name":"Mathieu NCC Nizza Costa Azzurra","url":"https:\/\/chauffeur-vtc-nice.fr\/","logo":{"@type":"ImageObject","inLanguage":"it-IT","@id":"https:\/\/chauffeur-vtc-nice.fr\/#\/schema\/logo\/image\/","url":"https:\/\/chauffeur-vtc-nice.fr\/wp-content\/uploads\/2026\/01\/logo-mathieu-vtc-nice-fond-noir.webp","contentUrl":"https:\/\/chauffeur-vtc-nice.fr\/wp-content\/uploads\/2026\/01\/logo-mathieu-vtc-nice-fond-noir.webp","width":613,"height":100,"caption":"Mathieu VTC Nice"},"image":{"@id":"https:\/\/chauffeur-vtc-nice.fr\/#\/schema\/logo\/image\/"}}]}},"_links":{"self":[{"href":"https:\/\/chauffeur-vtc-nice.fr\/it\/wp-json\/wp\/v2\/pages\/6","targetHints":{"allow":["GET"]}}],"collection":[{"href":"https:\/\/chauffeur-vtc-nice.fr\/it\/wp-json\/wp\/v2\/pages"}],"about":[{"href":"https:\/\/chauffeur-vtc-nice.fr\/it\/wp-json\/wp\/v2\/types\/page"}],"author":[{"embeddable":true,"href":"https:\/\/chauffeur-vtc-nice.fr\/it\/wp-json\/wp\/v2\/users\/2"}],"replies":[{"embeddable":true,"href":"https:\/\/chauffeur-vtc-nice.fr\/it\/wp-json\/wp\/v2\/comments?post=6"}],"version-history":[{"count":33,"href":"https:\/\/chauffeur-vtc-nice.fr\/it\/wp-json\/wp\/v2\/pages\/6\/revisions"}],"predecessor-version":[{"id":6747,"href":"https:\/\/chauffeur-vtc-nice.fr\/it\/wp-json\/wp\/v2\/pages\/6\/revisions\/6747"}],"wp:attachment":[{"href":"https:\/\/chauffeur-vtc-nice.fr\/it\/wp-json\/wp\/v2\/media?parent=6"}],"curies":[{"name":"wp","href":"https:\/\/api.w.org\/{rel}","templated":true}]}}