{"id":6,"date":"2019-03-04T14:21:05","date_gmt":"2019-03-04T13:21:05","guid":{"rendered":"https:\/\/chauffeur-vtc-nice.fr\/?page_id=6"},"modified":"2026-01-16T10:53:10","modified_gmt":"2026-01-16T09:53:10","slug":"legal-notices","status":"publish","type":"page","link":"https:\/\/chauffeur-vtc-nice.fr\/en\/mentions-legales\/","title":{"rendered":"Legal Notices"},"content":{"rendered":"<div data-elementor-type=\"wp-post\" data-elementor-id=\"6\" class=\"elementor elementor-6\" data-elementor-post-type=\"page\">\n\t\t\t\t\t\t<section class=\"elementor-section elementor-top-section elementor-element elementor-element-67e8ba5f elementor-section-boxed elementor-section-height-default elementor-section-height-default\" data-id=\"67e8ba5f\" data-element_type=\"section\" data-e-type=\"section\" data-settings=\"{&quot;background_background&quot;:&quot;classic&quot;}\">\n\t\t\t\t\t\t<div class=\"elementor-container elementor-column-gap-default\">\n\t\t\t\t\t<div class=\"elementor-column elementor-col-100 elementor-top-column elementor-element elementor-element-5ec537e\" data-id=\"5ec537e\" data-element_type=\"column\" data-e-type=\"column\">\n\t\t\t<div class=\"elementor-widget-wrap elementor-element-populated\">\n\t\t\t\t\t\t<div class=\"elementor-element elementor-element-291a2eff elementor-widget elementor-widget-text-editor\" data-id=\"291a2eff\" data-element_type=\"widget\" data-e-type=\"widget\" data-widget_type=\"text-editor.default\">\n\t\t\t\t<div class=\"elementor-widget-container\">\n\t\t\t\t\t\t\t\t\t<p><b>The website chauffeur-vtc-nice.fr is published by:<\/b><\/p><p>WebAudit France<br \/>6 avenue Jean Jaur\u00e8s, 73000 Chamb\u00e9ry<br \/>Limited liability company with a capital of \u20ac600<br \/>RCS Chamb\u00e9ry 823 628 698<br \/>contact(@)webaudit.fr<\/p><p><b>The website chauffeur-vtc-nice.fr is published for:<\/b><\/p><p>Company name: DELASSALE MATHIEU<br \/>Business name: Mathieu VTC Nice<br \/>Address: 24 AVENUE DES SOURCES 06270 VILLENEUVE-LOUBET<br \/>SIRET: 50088788000028<br \/>VAT number: FR83500887880<br \/>Date of creation: 07\/12\/2023<br \/>Share capital: \u20ac0<br \/>Publishing Director: DELASSALE MATHIEU<br \/>Telephone: 06 74 92 76 90<\/p><p>Your private hire car service website in Nice was created by the Webaudit France team, specialists in website creation. <a href=\"https:\/\/www.webaudit.fr\/vtc\">website for ride-hailing drivers<\/a> with natural referencing.<\/p><p>Find out more on\u00a0<a href=\"https:\/\/annuaire-vtc-france.fr\/\">annuaire-vtc-france.fr<\/a>\u00a0all of\u00a0<a href=\"https:\/\/annuaire-vtc-france.fr\/vtc-06-alpes-maritimes\/\">Private hire drivers in the Alpes Maritimes region.<\/a><\/p><p><strong>Hosting provider:<\/strong><\/p><p>Infomaniak Network SA<br \/>25 Rue Eug\u00e8ne Marziano<br \/>1227 Les Acacias (GE)<br \/>Geneva Canton Commercial Register: CH-660.0.059.996-1<br \/>IDE number: CHE-103.167.648<br \/>VAT number: CHE-103.167.648<\/p><p><b>GDPR Regulations, Data Protection and Use of Cookies:<\/b><\/p><p>In accordance with the requirements of the General Data Protection Regulation (GDPR), we are committed to transparency and the protection of your personal data. For a clear understanding of how we collect, use, and protect your data, as well as our use of cookies to improve your experience on our website, please consult our <a href=\"#gdpr_cookie_modal\"><u>GDPR and Cookies Information Center<\/u><\/a>.<\/p><p>By clicking on this link, you will have access to our Privacy Statement and our Cookie Policy detailing our data protection and cookie usage practices, as well as your rights and choices regarding this information.<\/p><p><strong>Intellectual property<\/strong><\/p><p>All content on this site including, but not limited to, graphics, images, texts, videos, animations, sounds, logos, gifs and icons as well as their formatting are the exclusive property of WEBAUDIT FRANCE SARL with the exception of trademarks, logos or content belonging to other partner companies or authors.<br \/>Any reproduction, distribution, modification, adaptation, retransmission, or publication, even partial, of these elements is strictly prohibited without the express written consent of WEBAUDIT FRANCE SARL. Such representation or reproduction, by any means whatsoever, constitutes copyright infringement punishable under Articles L.335-2 et seq. of the French Intellectual Property Code. Failure to comply with this prohibition constitutes copyright infringement and may result in civil and criminal penalties. Furthermore, the owners of the copied content may take legal action against them.<\/p>\t\t\t\t\t\t\t\t<\/div>\n\t\t\t\t<\/div>\n\t\t\t\t\t<\/div>\n\t\t<\/div>\n\t\t\t\t\t<\/div>\n\t\t<\/section>\n\t\t\t\t<\/div>","protected":false},"excerpt":{"rendered":"<p>Le site de chauffeur-vtc-nice.fr est \u00e9dit\u00e9 par : WebAudit France6 avenue Jean Jaur\u00e8s, 73000 Chamb\u00e9rySARL au capital de 600\u20acRCS Chamb\u00e9ry 823 628 698contact(@)webaudit.fr Le site de chauffeur-vtc-nice.fr est \u00e9dit\u00e9 pour : Raison sociale\u202f: DELASSALE MATHIEUNom commercial\u202f: Mathieu VTC NiceAdresse\u202f: 24 AVENUE DES SOURCES 06270 VILLENEUVE-LOUBETSIRET\u202f: 50088788000028Num\u00e9ro de TVA\u202f: FR83500887880Date de cr\u00e9ation\u202f: 07\/12\/2023Capital social\u202f: 0\u20acDirecteur de [&hellip;]<\/p>\n","protected":false},"author":2,"featured_media":0,"parent":0,"menu_order":0,"comment_status":"closed","ping_status":"closed","template":"elementor_header_footer","meta":{"footnotes":""},"class_list":["post-6","page","type-page","status-publish","hentry"],"yoast_head":"<!-- This site is optimized with the Yoast SEO plugin v27.2 - https:\/\/yoast.com\/product\/yoast-seo-wordpress\/ -->\n<title>Mentions L\u00e9gales - Mathieu VTC Nice<\/title>\n<meta name=\"robots\" content=\"index, follow, max-snippet:-1, max-image-preview:large, max-video-preview:-1\" \/>\n<link rel=\"canonical\" href=\"https:\/\/chauffeur-vtc-nice.fr\/en\/legal-notices\/\" \/>\n<meta name=\"twitter:label1\" content=\"Est. reading time\" \/>\n\t<meta name=\"twitter:data1\" content=\"3 minutes\" \/>\n<script type=\"application\/ld+json\" class=\"yoast-schema-graph\">{\"@context\":\"https:\/\/schema.org\",\"@graph\":[{\"@type\":\"WebPage\",\"@id\":\"https:\/\/chauffeur-vtc-nice.fr\/mentions-legales\/\",\"url\":\"https:\/\/chauffeur-vtc-nice.fr\/mentions-legales\/\",\"name\":\"Mentions L\u00e9gales - Mathieu VTC Nice\",\"isPartOf\":{\"@id\":\"https:\/\/chauffeur-vtc-nice.fr\/#website\"},\"datePublished\":\"2019-03-04T13:21:05+00:00\",\"dateModified\":\"2026-01-16T09:53:10+00:00\",\"breadcrumb\":{\"@id\":\"https:\/\/chauffeur-vtc-nice.fr\/mentions-legales\/#breadcrumb\"},\"inLanguage\":\"en-US\",\"potentialAction\":[{\"@type\":\"ReadAction\",\"target\":[\"https:\/\/chauffeur-vtc-nice.fr\/mentions-legales\/\"]}]},{\"@type\":\"BreadcrumbList\",\"@id\":\"https:\/\/chauffeur-vtc-nice.fr\/mentions-legales\/#breadcrumb\",\"itemListElement\":[{\"@type\":\"ListItem\",\"position\":1,\"name\":\"Accueil\",\"item\":\"https:\/\/chauffeur-vtc-nice.fr\/\"},{\"@type\":\"ListItem\",\"position\":2,\"name\":\"Mentions L\u00e9gales\"}]},{\"@type\":\"WebSite\",\"@id\":\"https:\/\/chauffeur-vtc-nice.fr\/#website\",\"url\":\"https:\/\/chauffeur-vtc-nice.fr\/\",\"name\":\"Mathieu VTC Nice\",\"description\":\"R\u00e9server un VTC de 1 \u00e0 7 passagers \u00e0 Nice et sur la C\u00f4te d&#039;Azur pour des d\u00e9placements toutes distances dans les Alpes Maritimes et ailleurs\",\"publisher\":{\"@id\":\"https:\/\/chauffeur-vtc-nice.fr\/#organization\"},\"potentialAction\":[{\"@type\":\"SearchAction\",\"target\":{\"@type\":\"EntryPoint\",\"urlTemplate\":\"https:\/\/chauffeur-vtc-nice.fr\/?s={search_term_string}\"},\"query-input\":{\"@type\":\"PropertyValueSpecification\",\"valueRequired\":true,\"valueName\":\"search_term_string\"}}],\"inLanguage\":\"en-US\"},{\"@type\":\"Organization\",\"@id\":\"https:\/\/chauffeur-vtc-nice.fr\/#organization\",\"name\":\"Mathieu VTC Nice\",\"url\":\"https:\/\/chauffeur-vtc-nice.fr\/\",\"logo\":{\"@type\":\"ImageObject\",\"inLanguage\":\"en-US\",\"@id\":\"https:\/\/chauffeur-vtc-nice.fr\/#\/schema\/logo\/image\/\",\"url\":\"https:\/\/chauffeur-vtc-nice.fr\/wp-content\/uploads\/2026\/01\/logo-mathieu-vtc-nice-fond-noir.webp\",\"contentUrl\":\"https:\/\/chauffeur-vtc-nice.fr\/wp-content\/uploads\/2026\/01\/logo-mathieu-vtc-nice-fond-noir.webp\",\"width\":613,\"height\":100,\"caption\":\"Mathieu VTC Nice\"},\"image\":{\"@id\":\"https:\/\/chauffeur-vtc-nice.fr\/#\/schema\/logo\/image\/\"}}]}<\/script>\n<!-- \/ Yoast SEO plugin. -->","yoast_head_json":{"title":"Legal Notice - Mathieu VTC Nice","robots":{"index":"index","follow":"follow","max-snippet":"max-snippet:-1","max-image-preview":"max-image-preview:large","max-video-preview":"max-video-preview:-1"},"canonical":"https:\/\/chauffeur-vtc-nice.fr\/en\/legal-notices\/","twitter_misc":{"Est. reading time":"3 minutes"},"schema":{"@context":"https:\/\/schema.org","@graph":[{"@type":"WebPage","@id":"https:\/\/chauffeur-vtc-nice.fr\/mentions-legales\/","url":"https:\/\/chauffeur-vtc-nice.fr\/mentions-legales\/","name":"Legal Notice - Mathieu VTC Nice","isPartOf":{"@id":"https:\/\/chauffeur-vtc-nice.fr\/#website"},"datePublished":"2019-03-04T13:21:05+00:00","dateModified":"2026-01-16T09:53:10+00:00","breadcrumb":{"@id":"https:\/\/chauffeur-vtc-nice.fr\/mentions-legales\/#breadcrumb"},"inLanguage":"en-US","potentialAction":[{"@type":"ReadAction","target":["https:\/\/chauffeur-vtc-nice.fr\/mentions-legales\/"]}]},{"@type":"BreadcrumbList","@id":"https:\/\/chauffeur-vtc-nice.fr\/mentions-legales\/#breadcrumb","itemListElement":[{"@type":"ListItem","position":1,"name":"Accueil","item":"https:\/\/chauffeur-vtc-nice.fr\/"},{"@type":"ListItem","position":2,"name":"Mentions L\u00e9gales"}]},{"@type":"WebSite","@id":"https:\/\/chauffeur-vtc-nice.fr\/#website","url":"https:\/\/chauffeur-vtc-nice.fr\/","name":"Mathieu Private Driver Nice French Riviera","description":"Book a private car service for 1 to 7 passengers in Nice and on the French Riviera for journeys of any distance in the Alpes-Maritimes and beyond.","publisher":{"@id":"https:\/\/chauffeur-vtc-nice.fr\/#organization"},"potentialAction":[{"@type":"SearchAction","target":{"@type":"EntryPoint","urlTemplate":"https:\/\/chauffeur-vtc-nice.fr\/?s={search_term_string}"},"query-input":{"@type":"PropertyValueSpecification","valueRequired":true,"valueName":"search_term_string"}}],"inLanguage":"en-US"},{"@type":"Organization","@id":"https:\/\/chauffeur-vtc-nice.fr\/#organization","name":"Mathieu Private Driver Nice French Riviera","url":"https:\/\/chauffeur-vtc-nice.fr\/","logo":{"@type":"ImageObject","inLanguage":"en-US","@id":"https:\/\/chauffeur-vtc-nice.fr\/#\/schema\/logo\/image\/","url":"https:\/\/chauffeur-vtc-nice.fr\/wp-content\/uploads\/2026\/01\/logo-mathieu-vtc-nice-fond-noir.webp","contentUrl":"https:\/\/chauffeur-vtc-nice.fr\/wp-content\/uploads\/2026\/01\/logo-mathieu-vtc-nice-fond-noir.webp","width":613,"height":100,"caption":"Mathieu VTC Nice"},"image":{"@id":"https:\/\/chauffeur-vtc-nice.fr\/#\/schema\/logo\/image\/"}}]}},"_links":{"self":[{"href":"https:\/\/chauffeur-vtc-nice.fr\/en\/wp-json\/wp\/v2\/pages\/6","targetHints":{"allow":["GET"]}}],"collection":[{"href":"https:\/\/chauffeur-vtc-nice.fr\/en\/wp-json\/wp\/v2\/pages"}],"about":[{"href":"https:\/\/chauffeur-vtc-nice.fr\/en\/wp-json\/wp\/v2\/types\/page"}],"author":[{"embeddable":true,"href":"https:\/\/chauffeur-vtc-nice.fr\/en\/wp-json\/wp\/v2\/users\/2"}],"replies":[{"embeddable":true,"href":"https:\/\/chauffeur-vtc-nice.fr\/en\/wp-json\/wp\/v2\/comments?post=6"}],"version-history":[{"count":33,"href":"https:\/\/chauffeur-vtc-nice.fr\/en\/wp-json\/wp\/v2\/pages\/6\/revisions"}],"predecessor-version":[{"id":6747,"href":"https:\/\/chauffeur-vtc-nice.fr\/en\/wp-json\/wp\/v2\/pages\/6\/revisions\/6747"}],"wp:attachment":[{"href":"https:\/\/chauffeur-vtc-nice.fr\/en\/wp-json\/wp\/v2\/media?parent=6"}],"curies":[{"name":"wp","href":"https:\/\/api.w.org\/{rel}","templated":true}]}}