{"id":6,"date":"2019-03-04T14:21:05","date_gmt":"2019-03-04T13:21:05","guid":{"rendered":"https:\/\/chauffeur-vtc-nice.fr\/?page_id=6"},"modified":"2026-01-16T10:53:10","modified_gmt":"2026-01-16T09:53:10","slug":"rechtshinweise","status":"publish","type":"page","link":"https:\/\/chauffeur-vtc-nice.fr\/de\/mentions-legales\/","title":{"rendered":"Rechtliche Hinweise"},"content":{"rendered":"<div data-elementor-type=\"wp-post\" data-elementor-id=\"6\" class=\"elementor elementor-6\" data-elementor-post-type=\"page\">\n\t\t\t\t\t\t<section class=\"elementor-section elementor-top-section elementor-element elementor-element-67e8ba5f elementor-section-boxed elementor-section-height-default elementor-section-height-default\" data-id=\"67e8ba5f\" data-element_type=\"section\" data-e-type=\"section\" data-settings=\"{&quot;background_background&quot;:&quot;classic&quot;}\">\n\t\t\t\t\t\t<div class=\"elementor-container elementor-column-gap-default\">\n\t\t\t\t\t<div class=\"elementor-column elementor-col-100 elementor-top-column elementor-element elementor-element-5ec537e\" data-id=\"5ec537e\" data-element_type=\"column\" data-e-type=\"column\">\n\t\t\t<div class=\"elementor-widget-wrap elementor-element-populated\">\n\t\t\t\t\t\t<div class=\"elementor-element elementor-element-291a2eff elementor-widget elementor-widget-text-editor\" data-id=\"291a2eff\" data-element_type=\"widget\" data-e-type=\"widget\" data-widget_type=\"text-editor.default\">\n\t\t\t\t<div class=\"elementor-widget-container\">\n\t\t\t\t\t\t\t\t\t<p><b>Die Website chauffeur-vtc-nice.fr wird herausgegeben von:<\/b><\/p><p>WebAudit Frankreich<br \/>6 avenue Jean Jaur\u00e8s, 73000 Chamb\u00e9ry<br \/>Gesellschaft mit beschr\u00e4nkter Haftung mit einem Kapital von 600 \u20ac<br \/>RCS Chamb\u00e9ry 823 628 698<br \/>contact(@)webaudit.fr<\/p><p><b>Die Website chauffeur-vtc-nice.fr wird ver\u00f6ffentlicht f\u00fcr:<\/b><\/p><p>Firmenname: DELASSALE MATHIEU<br \/>Firmenname: Mathieu VTC Nice<br \/>Adresse: 24 AVENUE DES SOURCES 06270 VILLENEUVE-LOUBET<br \/>SIRET: 50088788000028<br \/>Umsatzsteuer-Identifikationsnummer: FR83500887880<br \/>Erstellungsdatum: 07.12.2023<br \/>Aktienkapital: 0 \u20ac<br \/>Verlagsleiter: DELASSALE MATHIEU<br \/>Telefon: 06 74 92 76 90<\/p><p>Ihre Website f\u00fcr Ihren privaten Mietwagenservice in Nizza wurde vom Team von Webaudit France, Spezialisten f\u00fcr Webseitenerstellung, erstellt. <a href=\"https:\/\/www.webaudit.fr\/vtc\">Website f\u00fcr Fahrdienstvermittler<\/a> mit nat\u00fcrlichen Bez\u00fcgen.<\/p><p>Erfahren Sie mehr auf\u00a0<a href=\"https:\/\/annuaire-vtc-france.fr\/\">annuaire-vtc-france.fr<\/a>\u00a0alle\u00a0<a href=\"https:\/\/annuaire-vtc-france.fr\/vtc-06-alpes-maritimes\/\">Privatfahrer f\u00fcr Mietwagen in der Region Alpes Maritimes.<\/a><\/p><p><strong>Hosting-Anbieter:<\/strong><\/p><p>Infomaniak Network SA<br \/>25 Rue Eug\u00e8ne Marziano<br \/>1227 Les Acacias (GE)<br \/>Handelsregister des Kantons Genf: CH-660.0.059.996-1<br \/>IDE-Nummer: CHE-103.167.648<br \/>Umsatzsteuer-Identifikationsnummer: CHE-103.167.648<\/p><p><b>DSGVO-Bestimmungen, Datenschutz und Verwendung von Cookies:<\/b><\/p><p>Gem\u00e4\u00df den Anforderungen der Datenschutz-Grundverordnung (DSGVO) verpflichten wir uns zu Transparenz und dem Schutz Ihrer personenbezogenen Daten. Um genau zu verstehen, wie wir Ihre Daten erheben, verwenden und sch\u00fctzen sowie wie wir Cookies zur Verbesserung Ihrer Nutzererfahrung auf unserer Website einsetzen, lesen Sie bitte unsere Datenschutzerkl\u00e4rung. <a href=\"#gdpr_cookie_modal\"><u>Informationszentrum zu DSGVO und Cookies<\/u><\/a>.<\/p><p>Durch Anklicken dieses Links erhalten Sie Zugriff auf unsere Datenschutzerkl\u00e4rung und unsere Cookie-Richtlinie, in denen unsere Datenschutz- und Cookie-Nutzungspraktiken sowie Ihre Rechte und Wahlm\u00f6glichkeiten in Bezug auf diese Informationen detailliert beschrieben werden.<\/p><p><strong>Geistiges Eigentum<\/strong><\/p><p>S\u00e4mtliche Inhalte dieser Website, einschlie\u00dflich, aber nicht beschr\u00e4nkt auf Grafiken, Bilder, Texte, Videos, Animationen, T\u00f6ne, Logos, GIFs und Icons sowie deren Formatierung, sind ausschlie\u00dfliches Eigentum von WEBAUDIT FRANCE SARL, mit Ausnahme von Marken, Logos oder Inhalten anderer Partnerunternehmen oder Autoren.<br \/>Jegliche Vervielf\u00e4ltigung, Verbreitung, \u00c4nderung, Anpassung, Weiterleitung oder Ver\u00f6ffentlichung dieser Elemente, auch auszugsweise, ist ohne die ausdr\u00fcckliche schriftliche Genehmigung von WEBAUDIT FRANCE SARL strengstens untersagt. Jede derartige Darstellung oder Vervielf\u00e4ltigung, gleich auf welchem Wege, stellt eine Urheberrechtsverletzung dar und ist gem\u00e4\u00df Artikel L.335-2 ff. des franz\u00f6sischen Gesetzes \u00fcber geistiges Eigentum strafbar. Die Nichtbeachtung dieses Verbots stellt eine Urheberrechtsverletzung dar und kann zivil- und strafrechtliche Folgen nach sich ziehen. Dar\u00fcber hinaus k\u00f6nnen die Inhaber der kopierten Inhalte rechtliche Schritte gegen die Urheber einleiten.<\/p>\t\t\t\t\t\t\t\t<\/div>\n\t\t\t\t<\/div>\n\t\t\t\t\t<\/div>\n\t\t<\/div>\n\t\t\t\t\t<\/div>\n\t\t<\/section>\n\t\t\t\t<\/div>","protected":false},"excerpt":{"rendered":"<p>Le site de chauffeur-vtc-nice.fr est \u00e9dit\u00e9 par : WebAudit France6 avenue Jean Jaur\u00e8s, 73000 Chamb\u00e9rySARL au capital de 600\u20acRCS Chamb\u00e9ry 823 628 698contact(@)webaudit.fr Le site de chauffeur-vtc-nice.fr est \u00e9dit\u00e9 pour : Raison sociale\u202f: DELASSALE MATHIEUNom commercial\u202f: Mathieu VTC NiceAdresse\u202f: 24 AVENUE DES SOURCES 06270 VILLENEUVE-LOUBETSIRET\u202f: 50088788000028Num\u00e9ro de TVA\u202f: FR83500887880Date de cr\u00e9ation\u202f: 07\/12\/2023Capital social\u202f: 0\u20acDirecteur de [&hellip;]<\/p>\n","protected":false},"author":2,"featured_media":0,"parent":0,"menu_order":0,"comment_status":"closed","ping_status":"closed","template":"elementor_header_footer","meta":{"footnotes":""},"class_list":["post-6","page","type-page","status-publish","hentry"],"yoast_head":"<!-- This site is optimized with the Yoast SEO plugin v27.2 - https:\/\/yoast.com\/product\/yoast-seo-wordpress\/ -->\n<title>Mentions L\u00e9gales - Mathieu VTC Nice<\/title>\n<meta name=\"robots\" content=\"index, follow, max-snippet:-1, max-image-preview:large, max-video-preview:-1\" \/>\n<link rel=\"canonical\" href=\"https:\/\/chauffeur-vtc-nice.fr\/de\/rechtshinweise\/\" \/>\n<meta name=\"twitter:label1\" content=\"Gesch\u00e4tzte Lesezeit\" \/>\n\t<meta name=\"twitter:data1\" content=\"3\u00a0Minuten\" \/>\n<script type=\"application\/ld+json\" class=\"yoast-schema-graph\">{\"@context\":\"https:\/\/schema.org\",\"@graph\":[{\"@type\":\"WebPage\",\"@id\":\"https:\/\/chauffeur-vtc-nice.fr\/mentions-legales\/\",\"url\":\"https:\/\/chauffeur-vtc-nice.fr\/mentions-legales\/\",\"name\":\"Mentions L\u00e9gales - Mathieu VTC Nice\",\"isPartOf\":{\"@id\":\"https:\/\/chauffeur-vtc-nice.fr\/#website\"},\"datePublished\":\"2019-03-04T13:21:05+00:00\",\"dateModified\":\"2026-01-16T09:53:10+00:00\",\"breadcrumb\":{\"@id\":\"https:\/\/chauffeur-vtc-nice.fr\/mentions-legales\/#breadcrumb\"},\"inLanguage\":\"de\",\"potentialAction\":[{\"@type\":\"ReadAction\",\"target\":[\"https:\/\/chauffeur-vtc-nice.fr\/mentions-legales\/\"]}]},{\"@type\":\"BreadcrumbList\",\"@id\":\"https:\/\/chauffeur-vtc-nice.fr\/mentions-legales\/#breadcrumb\",\"itemListElement\":[{\"@type\":\"ListItem\",\"position\":1,\"name\":\"Accueil\",\"item\":\"https:\/\/chauffeur-vtc-nice.fr\/\"},{\"@type\":\"ListItem\",\"position\":2,\"name\":\"Mentions L\u00e9gales\"}]},{\"@type\":\"WebSite\",\"@id\":\"https:\/\/chauffeur-vtc-nice.fr\/#website\",\"url\":\"https:\/\/chauffeur-vtc-nice.fr\/\",\"name\":\"Mathieu VTC Nice\",\"description\":\"R\u00e9server un VTC de 1 \u00e0 7 passagers \u00e0 Nice et sur la C\u00f4te d&#039;Azur pour des d\u00e9placements toutes distances dans les Alpes Maritimes et ailleurs\",\"publisher\":{\"@id\":\"https:\/\/chauffeur-vtc-nice.fr\/#organization\"},\"potentialAction\":[{\"@type\":\"SearchAction\",\"target\":{\"@type\":\"EntryPoint\",\"urlTemplate\":\"https:\/\/chauffeur-vtc-nice.fr\/?s={search_term_string}\"},\"query-input\":{\"@type\":\"PropertyValueSpecification\",\"valueRequired\":true,\"valueName\":\"search_term_string\"}}],\"inLanguage\":\"de\"},{\"@type\":\"Organization\",\"@id\":\"https:\/\/chauffeur-vtc-nice.fr\/#organization\",\"name\":\"Mathieu VTC Nice\",\"url\":\"https:\/\/chauffeur-vtc-nice.fr\/\",\"logo\":{\"@type\":\"ImageObject\",\"inLanguage\":\"de\",\"@id\":\"https:\/\/chauffeur-vtc-nice.fr\/#\/schema\/logo\/image\/\",\"url\":\"https:\/\/chauffeur-vtc-nice.fr\/wp-content\/uploads\/2026\/01\/logo-mathieu-vtc-nice-fond-noir.webp\",\"contentUrl\":\"https:\/\/chauffeur-vtc-nice.fr\/wp-content\/uploads\/2026\/01\/logo-mathieu-vtc-nice-fond-noir.webp\",\"width\":613,\"height\":100,\"caption\":\"Mathieu VTC Nice\"},\"image\":{\"@id\":\"https:\/\/chauffeur-vtc-nice.fr\/#\/schema\/logo\/image\/\"}}]}<\/script>\n<!-- \/ Yoast SEO plugin. -->","yoast_head_json":{"title":"Rechtlicher Hinweis \u2013 Mathieu VTC Nizza","robots":{"index":"index","follow":"follow","max-snippet":"max-snippet:-1","max-image-preview":"max-image-preview:large","max-video-preview":"max-video-preview:-1"},"canonical":"https:\/\/chauffeur-vtc-nice.fr\/de\/rechtshinweise\/","twitter_misc":{"Gesch\u00e4tzte Lesezeit":"3\u00a0Minuten"},"schema":{"@context":"https:\/\/schema.org","@graph":[{"@type":"WebPage","@id":"https:\/\/chauffeur-vtc-nice.fr\/mentions-legales\/","url":"https:\/\/chauffeur-vtc-nice.fr\/mentions-legales\/","name":"Rechtlicher Hinweis \u2013 Mathieu VTC Nizza","isPartOf":{"@id":"https:\/\/chauffeur-vtc-nice.fr\/#website"},"datePublished":"2019-03-04T13:21:05+00:00","dateModified":"2026-01-16T09:53:10+00:00","breadcrumb":{"@id":"https:\/\/chauffeur-vtc-nice.fr\/mentions-legales\/#breadcrumb"},"inLanguage":"de","potentialAction":[{"@type":"ReadAction","target":["https:\/\/chauffeur-vtc-nice.fr\/mentions-legales\/"]}]},{"@type":"BreadcrumbList","@id":"https:\/\/chauffeur-vtc-nice.fr\/mentions-legales\/#breadcrumb","itemListElement":[{"@type":"ListItem","position":1,"name":"Accueil","item":"https:\/\/chauffeur-vtc-nice.fr\/"},{"@type":"ListItem","position":2,"name":"Mentions L\u00e9gales"}]},{"@type":"WebSite","@id":"https:\/\/chauffeur-vtc-nice.fr\/#website","url":"https:\/\/chauffeur-vtc-nice.fr\/","name":"Mathieu Privatchauffeur Nizza C\u00f4te d\u2019Azur","description":"Buchen Sie einen privaten Fahrdienst f\u00fcr 1 bis 7 Fahrg\u00e4ste in Nizza und an der franz\u00f6sischen Riviera f\u00fcr Fahrten jeder Entfernung in den Alpes-Maritimes und dar\u00fcber hinaus.","publisher":{"@id":"https:\/\/chauffeur-vtc-nice.fr\/#organization"},"potentialAction":[{"@type":"SearchAction","target":{"@type":"EntryPoint","urlTemplate":"https:\/\/chauffeur-vtc-nice.fr\/?s={search_term_string}"},"query-input":{"@type":"PropertyValueSpecification","valueRequired":true,"valueName":"search_term_string"}}],"inLanguage":"de"},{"@type":"Organization","@id":"https:\/\/chauffeur-vtc-nice.fr\/#organization","name":"Mathieu Privatchauffeur Nizza C\u00f4te d\u2019Azur","url":"https:\/\/chauffeur-vtc-nice.fr\/","logo":{"@type":"ImageObject","inLanguage":"de","@id":"https:\/\/chauffeur-vtc-nice.fr\/#\/schema\/logo\/image\/","url":"https:\/\/chauffeur-vtc-nice.fr\/wp-content\/uploads\/2026\/01\/logo-mathieu-vtc-nice-fond-noir.webp","contentUrl":"https:\/\/chauffeur-vtc-nice.fr\/wp-content\/uploads\/2026\/01\/logo-mathieu-vtc-nice-fond-noir.webp","width":613,"height":100,"caption":"Mathieu VTC Nice"},"image":{"@id":"https:\/\/chauffeur-vtc-nice.fr\/#\/schema\/logo\/image\/"}}]}},"_links":{"self":[{"href":"https:\/\/chauffeur-vtc-nice.fr\/de\/wp-json\/wp\/v2\/pages\/6","targetHints":{"allow":["GET"]}}],"collection":[{"href":"https:\/\/chauffeur-vtc-nice.fr\/de\/wp-json\/wp\/v2\/pages"}],"about":[{"href":"https:\/\/chauffeur-vtc-nice.fr\/de\/wp-json\/wp\/v2\/types\/page"}],"author":[{"embeddable":true,"href":"https:\/\/chauffeur-vtc-nice.fr\/de\/wp-json\/wp\/v2\/users\/2"}],"replies":[{"embeddable":true,"href":"https:\/\/chauffeur-vtc-nice.fr\/de\/wp-json\/wp\/v2\/comments?post=6"}],"version-history":[{"count":33,"href":"https:\/\/chauffeur-vtc-nice.fr\/de\/wp-json\/wp\/v2\/pages\/6\/revisions"}],"predecessor-version":[{"id":6747,"href":"https:\/\/chauffeur-vtc-nice.fr\/de\/wp-json\/wp\/v2\/pages\/6\/revisions\/6747"}],"wp:attachment":[{"href":"https:\/\/chauffeur-vtc-nice.fr\/de\/wp-json\/wp\/v2\/media?parent=6"}],"curies":[{"name":"wp","href":"https:\/\/api.w.org\/{rel}","templated":true}]}}